{"id":149,"date":"2018-01-17T15:54:43","date_gmt":"2018-01-17T14:54:43","guid":{"rendered":"http:\/\/neu.narrenzunft-binsdorf.de\/?page_id=149"},"modified":"2025-08-12T13:11:04","modified_gmt":"2025-08-12T11:11:04","slug":"impressum","status":"publish","type":"page","link":"http:\/\/www.narrenzunft-binsdorf.de\/?page_id=149","title":{"rendered":"Impressum"},"content":{"rendered":"\n\n\t<h4>Anschrift<\/h4>\nNarrenzunft Binsdorf e.V.<br \/>\nDaniela Ritter<br \/>\nSulzer Stra\u00dfe 16<br \/>\nD-72351 Geislingen-Binsdorf<br \/>\nE-Mail : <a href=\"mailto:vorstand@narrenzunft-binsdorf.de\">vorstand@narrenzunft-binsdorf.de<\/a><br \/>\nWEB : <a href=\"http:\/\/www.narrenzunft-binsdorf.de\/\">www.narrenzunft-binsdorf.de <\/a>\n<p>VEREINSREGISTER: 410334 Amtsgericht Stuttgart<\/p>\n<p>Verantwortlich f\u00fcr den Inhalt dieser Seite: (Webmaster)<\/p>\n<h4>Rechtliche Hinweise<\/h4>\n<p>Die Narrenzunft Binsdorf e.V. pr\u00fcft und aktualisiert die Informationen auf ihren Webseiten st\u00e4ndig. Trotz aller Sorgfalt k\u00f6nnen sich die Daten inzwischen ver\u00e4ndert haben. Eine Haftung oder Garantie f\u00fcr die Aktualit\u00e4t, Richtigkeit und Vollst\u00e4ndigkeit der zur Verf\u00fcgung gestellten Informationen kann nicht \u00fcbernommen werden.<\/p>\n<p>Des weiteren beh\u00e4lt sich die Narrenzunft Binsdorf e.V. vor, \u00c4nderungen oder Erg\u00e4nzungen der bereitgestellten Informationen vorzunehmen.<\/p>\n<h4>Verweise und Links<\/h4>\n<p>Trotz sorgf\u00e4ltiger inhaltlicher Kontrolle \u00fcbernehmen wir keine Haftung f\u00fcr die Inhalte externer Links. F\u00fcr den Inhalt der verlinkten Seiten sind ausschlie\u00dflich deren Betreiber verantwortlich.<\/p>\n<h4>Urheberrecht<\/h4>\n<p>Inhalt und Struktur sowie Layout und Gestaltung dieser Internet-Seiten sind urheberrechtlich gesch\u00fctzt. Die Vervielf\u00e4ltigung von Informationen oder Daten, insbesondere die Verwendung von Texten, Textteilen oder Bildmaterial, bedarf der vorherigen Zustimmung der Narrenzunft Binsdorf e.V.<\/p>\n\n","protected":false},"excerpt":{"rendered":"<p>Anschrift Narrenzunft Binsdorf e.V. Daniela Ritter Sulzer Stra\u00dfe 16 D-72351 Geislingen-Binsdorf E-Mail : vorstand@narrenzunft-binsdorf.de WEB : www.narrenzunft-binsdorf.de VEREINSREGISTER: 410334 Amtsgericht Stuttgart Verantwortlich f\u00fcr den Inhalt dieser Seite: (Webmaster) Rechtliche Hinweise Die Narrenzunft Binsdorf e.V. pr\u00fcft und aktualisiert die Informationen auf ihren Webseiten st\u00e4ndig. Trotz aller Sorgfalt k\u00f6nnen sich die Daten inzwischen ver\u00e4ndert haben. Eine Haftung [&hellip;]<\/p>\n","protected":false},"author":1,"featured_media":0,"parent":0,"menu_order":0,"comment_status":"closed","ping_status":"closed","template":"","meta":{"footnotes":""},"class_list":["post-149","page","type-page","status-publish","hentry"],"_links":{"self":[{"href":"http:\/\/www.narrenzunft-binsdorf.de\/index.php?rest_route=\/wp\/v2\/pages\/149","targetHints":{"allow":["GET"]}}],"collection":[{"href":"http:\/\/www.narrenzunft-binsdorf.de\/index.php?rest_route=\/wp\/v2\/pages"}],"about":[{"href":"http:\/\/www.narrenzunft-binsdorf.de\/index.php?rest_route=\/wp\/v2\/types\/page"}],"author":[{"embeddable":true,"href":"http:\/\/www.narrenzunft-binsdorf.de\/index.php?rest_route=\/wp\/v2\/users\/1"}],"replies":[{"embeddable":true,"href":"http:\/\/www.narrenzunft-binsdorf.de\/index.php?rest_route=%2Fwp%2Fv2%2Fcomments&post=149"}],"version-history":[{"count":8,"href":"http:\/\/www.narrenzunft-binsdorf.de\/index.php?rest_route=\/wp\/v2\/pages\/149\/revisions"}],"predecessor-version":[{"id":1563,"href":"http:\/\/www.narrenzunft-binsdorf.de\/index.php?rest_route=\/wp\/v2\/pages\/149\/revisions\/1563"}],"wp:attachment":[{"href":"http:\/\/www.narrenzunft-binsdorf.de\/index.php?rest_route=%2Fwp%2Fv2%2Fmedia&parent=149"}],"curies":[{"name":"wp","href":"https:\/\/api.w.org\/{rel}","templated":true}]}}