{"id":170,"date":"2018-01-17T16:14:32","date_gmt":"2018-01-17T15:14:32","guid":{"rendered":"http:\/\/neu.narrenzunft-binsdorf.de\/?page_id=170"},"modified":"2024-11-01T11:37:49","modified_gmt":"2024-11-01T10:37:49","slug":"unser-narrenmarsch-3","status":"publish","type":"page","link":"http:\/\/www.narrenzunft-binsdorf.de\/?page_id=170","title":{"rendered":"Unser Narrenmarsch"},"content":{"rendered":"<audio class=\"wp-audio-shortcode\" id=\"audio-170-1\" loop autoplay preload=\"auto\" style=\"width: 100%;\" controls=\"controls\"><source type=\"audio\/mpeg\" src=\"http:\/\/www.narrenzunft-binsdorf.de\/wp-content\/uploads\/2018\/04\/01-Titelnummer-1.m4a?_=1\" \/><a href=\"http:\/\/www.narrenzunft-binsdorf.de\/wp-content\/uploads\/2018\/04\/01-Titelnummer-1.m4a\">http:\/\/www.narrenzunft-binsdorf.de\/wp-content\/uploads\/2018\/04\/01-Titelnummer-1.m4a<\/a><\/audio>\n<h4 style=\"text-align: center;\"><span style=\"color: #174700;\"><strong>Binsdorfer Narrenmarsch<\/strong><\/span><\/h4>\n<p style=\"text-align: center;\"><span style=\"color: #000000;\"><strong><em>Strophe 1<\/em><\/strong><\/span><br \/>\n<span style=\"color: #000000;\">Heit ischt z\u2019 Beisdorf d Fasnet,<\/span><br \/>\n<span style=\"color: #000000;\">jetz ischt Hutzla Zeit,<\/span><br \/>\n<span style=\"color: #000000;\">und dia Hexa sind dabei,<\/span><br \/>\n<span style=\"color: #000000;\">jo ischt des a Narre-dei<\/span><br \/>\n<span style=\"color: #000000;\">und se welled \u00e4lle luschtig sei,<\/span><br \/>\n<span style=\"color: #000000;\">jung und alt, gro\u00df und klei.<\/span><br \/>\n<span style=\"color: #000000;\">\u00c4lles schreit &#8222;Narri &#8211; Narro\u201c,<\/span><br \/>\n<span style=\"color: #000000;\">in der Fasnet isch halt so !!<\/span><\/p>\n<p style=\"text-align: center;\"><span style=\"color: #000000;\"><strong><em>Strophe 2<\/em><\/strong><\/span><br \/>\n<span style=\"color: #000000;\">Brau sind d Hutzla \u2013 Gsichter,<\/span><br \/>\n<span style=\"color: #000000;\">buntbemolt iar Kleid,<\/span><br \/>\n<span style=\"color: #000000;\">hoand a goldigs Gschella-Gl\u00e4ut<\/span><br \/>\n<span style=\"color: #000000;\">das mes h\u00f6rt schau weit und breit,<\/span><br \/>\n<span style=\"color: #000000;\">d Hexa hond a grumme Nas im Gsicht<\/span><br \/>\n<span style=\"color: #000000;\">a H\u00e4uble des aus Samet ischt,<\/span><br \/>\n<span style=\"color: #000000;\">\u00e4lles schreit &#8222;Narri &#8211; Narro&#8220;<\/span><br \/>\n<span style=\"color: #000000;\">in der Fasnet isch halt so !!<\/span><\/p>\n<p><span style=\"color: #000000;\">Musik: H.M\u00fcller \/ Text: H.M\u00fcller &amp; Paul Held<\/span><\/p>\n","protected":false},"excerpt":{"rendered":"<p>Binsdorfer Narrenmarsch Strophe 1 Heit ischt z\u2019 Beisdorf d Fasnet, jetz ischt Hutzla Zeit, und dia Hexa sind dabei, jo ischt des a Narre-dei und se welled \u00e4lle luschtig sei, jung und alt, gro\u00df und klei. \u00c4lles schreit &#8222;Narri &#8211; Narro\u201c, in der Fasnet isch halt so !! Strophe 2 Brau sind d Hutzla \u2013 [&hellip;]<\/p>\n","protected":false},"author":1,"featured_media":0,"parent":0,"menu_order":0,"comment_status":"closed","ping_status":"closed","template":"","meta":{"footnotes":""},"class_list":["post-170","page","type-page","status-publish","hentry"],"_links":{"self":[{"href":"http:\/\/www.narrenzunft-binsdorf.de\/index.php?rest_route=\/wp\/v2\/pages\/170","targetHints":{"allow":["GET"]}}],"collection":[{"href":"http:\/\/www.narrenzunft-binsdorf.de\/index.php?rest_route=\/wp\/v2\/pages"}],"about":[{"href":"http:\/\/www.narrenzunft-binsdorf.de\/index.php?rest_route=\/wp\/v2\/types\/page"}],"author":[{"embeddable":true,"href":"http:\/\/www.narrenzunft-binsdorf.de\/index.php?rest_route=\/wp\/v2\/users\/1"}],"replies":[{"embeddable":true,"href":"http:\/\/www.narrenzunft-binsdorf.de\/index.php?rest_route=%2Fwp%2Fv2%2Fcomments&post=170"}],"version-history":[{"count":5,"href":"http:\/\/www.narrenzunft-binsdorf.de\/index.php?rest_route=\/wp\/v2\/pages\/170\/revisions"}],"predecessor-version":[{"id":1396,"href":"http:\/\/www.narrenzunft-binsdorf.de\/index.php?rest_route=\/wp\/v2\/pages\/170\/revisions\/1396"}],"wp:attachment":[{"href":"http:\/\/www.narrenzunft-binsdorf.de\/index.php?rest_route=%2Fwp%2Fv2%2Fmedia&parent=170"}],"curies":[{"name":"wp","href":"https:\/\/api.w.org\/{rel}","templated":true}]}}