{"id":179,"date":"2018-01-17T16:19:12","date_gmt":"2018-01-17T15:19:12","guid":{"rendered":"http:\/\/neu.narrenzunft-binsdorf.de\/?page_id=179"},"modified":"2024-11-02T21:02:28","modified_gmt":"2024-11-02T20:02:28","slug":"holzhutzel-2","status":"publish","type":"page","link":"http:\/\/www.narrenzunft-binsdorf.de\/?page_id=179","title":{"rendered":"Holzhutzel"},"content":{"rendered":"<h4><span style=\"color: #000000;\">Holzhutzel<\/span><\/h4>\n<p><span style=\"color: #000000;\">Im Jahre 1982 entwarf Paul Held eine neue Narrenfigur, die &#8222;Binsdorfer Holzhutzel&#8220;. Der Name Holzhutzel ist der Spitzname der Binsdorfer. Wo der Name Holzhutzel (ged\u00f6rrte Birne) herkommt, ist nicht eindeutig gekl\u00e4rt. Man nimmt aber an, dass durch das raue Klima von Binsdorf die Birnen dort nie richtig reifen, sondern sie eher hart und trocken werden und sie auf dem Markt nicht die Begehrtesten waren.<\/span><\/p>\n<p><span style=\"color: #000000;\">Die <strong>Holzhutzel<\/strong> (Narrenruf &#8222;Holz-Hutzel&#8220;) ist vor allem in der Maske zu erkennen, die die runzelige Form einer Birne hat. Am Stiel der Hutzel ist ein gr\u00fcnes Laubblatt angebracht, welches der Maske einen eigent\u00fcmlichen und einzigartigen Charakter verleiht. Sie hat einen verschmitzten spitzb\u00fcbischen Ausdruck. Da Schultertuch ist mit einer bunten Schleife verziert und zeigt Vogelmotive heimischer Arten. Das Kleid ist mit Motiven aus Feld und Garten bemalt. Die R\u00fcckseite der Jacke zeigt markante Motive aus Binsdorf wie das Rathaus, das Stadtwappen oder die alte Stadtansichten. Die Hose, sowie die \u00c4rmel der Jacke mit dem Laubmuster zeigen das Wachsen der Birne. In der Hand tr\u00e4gt der Narr einen birnenf\u00f6rmigen Weidenkorb, aus dem er S\u00fc\u00dfigkeiten verteilt, ebenso einen Federbusch, mit dem er die Leute abstaubt, um ihr &#8222;Wahres Gesicht&#8220; zu sehen. Abgerundet wird der Wei\u00dfnarr durch ein Glockengeschell.<\/span><\/p>\n<p><span style=\"color: #000000;\">Ihre Polonaise tanzen die Holzhutzeln auf den Binsdorfer Narrenmarsch.<\/span><\/p>\n<p><span style=\"color: #000000;\">Leitung Holzhutzeln: Alexandra Merz<\/span><\/p>\n<h4><img loading=\"lazy\" decoding=\"async\" class=\"alignnone wp-image-1039 size-large\" src=\"http:\/\/www.narrenzunft-binsdorf.de\/wp-content\/uploads\/2024\/02\/Holzhutzeln2024-1024x784.jpg\" alt=\"\" width=\"780\" height=\"597\" srcset=\"http:\/\/www.narrenzunft-binsdorf.de\/wp-content\/uploads\/2024\/02\/Holzhutzeln2024-1024x784.jpg 1024w, http:\/\/www.narrenzunft-binsdorf.de\/wp-content\/uploads\/2024\/02\/Holzhutzeln2024-300x230.jpg 300w, http:\/\/www.narrenzunft-binsdorf.de\/wp-content\/uploads\/2024\/02\/Holzhutzeln2024-768x588.jpg 768w, http:\/\/www.narrenzunft-binsdorf.de\/wp-content\/uploads\/2024\/02\/Holzhutzeln2024-1536x1176.jpg 1536w, http:\/\/www.narrenzunft-binsdorf.de\/wp-content\/uploads\/2024\/02\/Holzhutzeln2024.jpg 1952w\" sizes=\"auto, (max-width: 780px) 100vw, 780px\" \/><\/h4>\n","protected":false},"excerpt":{"rendered":"<p>Holzhutzel Im Jahre 1982 entwarf Paul Held eine neue Narrenfigur, die &#8222;Binsdorfer Holzhutzel&#8220;. Der Name Holzhutzel ist der Spitzname der Binsdorfer. Wo der Name Holzhutzel (ged\u00f6rrte Birne) herkommt, ist nicht eindeutig gekl\u00e4rt. Man nimmt aber an, dass durch das raue Klima von Binsdorf die Birnen dort nie richtig reifen, sondern sie eher hart und trocken [&hellip;]<\/p>\n","protected":false},"author":1,"featured_media":0,"parent":0,"menu_order":0,"comment_status":"closed","ping_status":"closed","template":"","meta":{"footnotes":""},"class_list":["post-179","page","type-page","status-publish","hentry"],"_links":{"self":[{"href":"http:\/\/www.narrenzunft-binsdorf.de\/index.php?rest_route=\/wp\/v2\/pages\/179","targetHints":{"allow":["GET"]}}],"collection":[{"href":"http:\/\/www.narrenzunft-binsdorf.de\/index.php?rest_route=\/wp\/v2\/pages"}],"about":[{"href":"http:\/\/www.narrenzunft-binsdorf.de\/index.php?rest_route=\/wp\/v2\/types\/page"}],"author":[{"embeddable":true,"href":"http:\/\/www.narrenzunft-binsdorf.de\/index.php?rest_route=\/wp\/v2\/users\/1"}],"replies":[{"embeddable":true,"href":"http:\/\/www.narrenzunft-binsdorf.de\/index.php?rest_route=%2Fwp%2Fv2%2Fcomments&post=179"}],"version-history":[{"count":7,"href":"http:\/\/www.narrenzunft-binsdorf.de\/index.php?rest_route=\/wp\/v2\/pages\/179\/revisions"}],"predecessor-version":[{"id":1437,"href":"http:\/\/www.narrenzunft-binsdorf.de\/index.php?rest_route=\/wp\/v2\/pages\/179\/revisions\/1437"}],"wp:attachment":[{"href":"http:\/\/www.narrenzunft-binsdorf.de\/index.php?rest_route=%2Fwp%2Fv2%2Fmedia&parent=179"}],"curies":[{"name":"wp","href":"https:\/\/api.w.org\/{rel}","templated":true}]}}