{"id":195,"date":"2018-01-17T16:30:10","date_gmt":"2018-01-17T15:30:10","guid":{"rendered":"http:\/\/neu.narrenzunft-binsdorf.de\/?page_id=195"},"modified":"2024-11-01T11:34:40","modified_gmt":"2024-11-01T10:34:40","slug":"unsere-narrenzunft-2","status":"publish","type":"page","link":"http:\/\/www.narrenzunft-binsdorf.de\/?page_id=195","title":{"rendered":"Unsere Narrenzunft"},"content":{"rendered":"<h1><span style=\"color: #000000;\">Fasnet in Binsdorf<\/span><\/h1>\n<p><span style=\"color: #000000;\">Von alters her herrschte in Binsdorf ein reges Fasnetstreiben. Unvergessen sind die Hausb\u00e4lle in den Binsdorfer Gastst\u00e4tten Krone, L\u00f6wen, Ochsen und Lamm. Daneben gab es schon immer die Stra\u00dfenfasnet mit den Narrenfiguren \u201eFasnetsbutz\u201c, ein Wei\u00dfnarr der mit \u201eSaubloder\u201c und Gschell ausgestattet war, sowie die \u201eBauern\u201c. Auffallend an dieser Figur ist die derbe Holzmaske mit einer markanten gro\u00dfen Nase. Das H\u00e4s besteht aus einem groben Mantel, der an der H\u00fcfte mit einem Seil zusammen gebunden wird. Mit seinem \u201eHolzbengel\u201c und seinem ebenfalls groben Auftreten zeigt er die d\u00fcstere Seite der Fasnet auf.<\/span><\/p>\n<p><span style=\"color: #000000;\">Fasnetsbutzen und Bauern sind nach wie vor am Binsdorfer Umzug zu bestaunen. Der Fasnetsdienstag war in fr\u00fcheren Zeiten der Haupttag der Binsdorfer Fasnet. An diesem Tag wurde die Fasnet ausgerufen und nachmittags fand ein Umzug mit anschlie\u00dfendem bunten Treiben in s\u00e4mtlichen Wirtschaften statt.<\/span><\/p>\n<h4><span style=\"color: #000000;\">Die Entstehung der Narrenzunft Binsdorf<\/span><\/h4>\n<p><span style=\"color: #000000;\"><strong>Wie alles begann &#8230;<\/strong><\/span><\/p>\n<ul>\n<li><span style=\"color: #000000;\">Am 11.11.1983 fand auf Initiative von Paul Held f\u00fcr alle Fasnetsbegeisterten eine Zusammenkunft im Sportheim in Binsdorf statt. Bei diesem Treffen wurde beschlossen, an den Umz\u00fcgen der Nachbarz\u00fcnfte in Erlaheim und Geislingen teilzunehmen.<\/span><\/li>\n<li><span style=\"color: #000000;\">Am 18.01.1984 erl\u00e4uterten der Pr\u00e4sident des Narrenfreundschaftsringes Zollern Alb Karl Uttenweiler und sein Vize Max Jauch den Sinn und das Brauchtum der Fasnet bei einem Treffen im Sportheim Binsdorf.<\/span><\/li>\n<li><span style=\"color: #000000;\">Am 30.01.1984 wurde die Teilnahme am bevorstehenden Ringtreffen in Geislingen beschlossen und eine erste \u201eSchritt\u00fcbung\u201c durchgef\u00fchrt.<\/span><\/li>\n<li><span style=\"color: #000000;\">Auf Einladung von Karl Uttenweiler nahmen 20 Binsdorfer H\u00e4str\u00e4ger am 6. Ringumzug des Narrenfreundschaftsringes am Sonntag, 05.02.1984 in Geislingen teil.<\/span><\/li>\n<li><span style=\"color: #000000;\">Nach der Teilnahme an dieser Veranstaltung wurde allgemein der Wunsch laut, eine Polonaise zu den Kl\u00e4ngen des Rottweiler Narrenmarsches, einzustudieren.<\/span><\/li>\n<li><span style=\"color: #000000;\">Nach Teilnahmen an den Umz\u00fcgen in Geislingen und Erlaheim folgte am 05.03.1984 beim Rosenmontagsball der Stadtkapelle Binsdorf in der \u00f6rtlichen Turn-und Festhalle ein Auftritt der Holzhutzeln mit ihrer Polonaise und der Stadthexen mit ihrem einstudierten Hexentanz. Den Abschluss der Fasnetssaison bildete die Teilnahme am Umzug am Fasnetsdienstag, 06.03.1984, der von der Stadtkapelle Binsdorf durchgef\u00fchrt wurde.<\/span><\/li>\n<li><span style=\"color: #000000;\">Nachdem die Fasnetsbegeisterung in Binsdorf immer h\u00f6here Wellen schlug, wurde beschlossen, die vorhandenen Gruppen in geordneten und organisierten Bahnen weiterzuf\u00fchren. Die Gr\u00fcndung einer Narrenzunft wurde beschlossen. Der unerm\u00fcdliche Paul Held nahm die Sache in die Hand und berief eine Gr\u00fcndungsversammlung ein.<\/span><\/li>\n<li><span style=\"color: #000000;\">Im Beisein von Karl Uttenweiler, Ortsvorsteher Max Pauli und nahezu 70 weiteren Fasnetsbegeisterten wurde am 17.09.1984 im Binsdorfer Sportheim die \u201eNarrenzunft Binsdorf e.V.\u201c gegr\u00fcndet.<img loading=\"lazy\" decoding=\"async\" class=\" wp-image-196 aligncenter\" src=\"http:\/\/www.narrenzunft-binsdorf.de\/wp-content\/uploads\/2018\/01\/Gruendungsausschuss1-300x202.jpg\" alt=\"\" width=\"333\" height=\"224\" srcset=\"http:\/\/www.narrenzunft-binsdorf.de\/wp-content\/uploads\/2018\/01\/Gruendungsausschuss1-300x202.jpg 300w, http:\/\/www.narrenzunft-binsdorf.de\/wp-content\/uploads\/2018\/01\/Gruendungsausschuss1.jpg 760w\" sizes=\"auto, (max-width: 333px) 100vw, 333px\" \/><\/span><\/li>\n<li><span style=\"color: #000000;\">von Links: Christa Eyth, Renate Schreij\u00e4g, Paul Held, Hildegard H\u00f6lle, B\u00e4rbel Preuhs, Margarete Schittenhelm, Eugen Merz, Harald Hutter, Ingolf G\u00f6tz, Franz Pawlika Ringpr\u00e4sident Karl Uttenweiler (auf diesem Bild fehlen: Brigitte Bitzer sowie Gr\u00fcndungsvorstand Norbert Hehn)<\/span><\/li>\n<li><span style=\"color: #000000;\">Die erste Sitzung des Elferrates fand am 28.09.1984 statt. Bei dieser Sitzung wurden so grundlegende Dinge wie die Vereinssatzung, der Mitgliedsbeitrag usw. festgelegt. Die Ausschusssitzungen fanden in den ersten Jahren abwechselnd in den \u00f6rtlichen Gastst\u00e4tten statt.<\/span><\/li>\n<li><span style=\"color: #000000;\">Besondere Bedeutung kam der Herbstringversammlung des Narrenfreundschaftsringes Zollern Alb am 23.11.1984 in Bisingen zu. Bei dieser Veranstaltung wurden die Narrenz\u00fcnfte aus Boll und Binsdorf nach einer Maskenvorstellung ohne weitere Einschr\u00e4nkungen in den Narrenfreundschaftsring Zollern Alb aufgenommen.<\/span><\/li>\n<li><span style=\"color: #000000;\"><strong>Die Anfangsjahre bis heute &#8230;<\/strong><\/span>\n<ul>\n<li><span style=\"color: #000000;\">Im Januar 1985 trafen sich die Holzhutzeln zur Probe der Polonaise. Hier wurden zu den Kl\u00e4ngen des Elzacher Narrenmarsches verschiedene Figuren einstudiert.<\/span><\/li>\n<li><span style=\"color: #000000;\">Am 03.10.1985 wurde zwischen der Stadtkapelle und der Narrenzunft eine Vereinbarung \u00fcber das Zusammenwirken bei k\u00fcnftigen Auftritten getroffen.<\/span><\/li>\n<li><span style=\"color: #000000;\">Erstmals wurde im Jahr 1985 eine Hockete auf dem Parkplatz bei Loreto organisiert. Was damals in kleinem famili\u00e4ren Rahmen begann, mauserte sich zu einem Besuchermagneten.<\/span><\/li>\n<li><span style=\"color: #000000;\">Seit 1986 verf\u00fcgt die Narrenzunft Binsdorf \u00fcber einen eigenen Narrenmarsch, der mit dem Refrain \u201eHeut ischt z\u2019Beisdorf Fasnet\u201c beginnt. Er ist aus der Binsdorfer Fasnet nicht mehr wegzudenken. Komponiert wurde dieser von Heinz M\u00fcller, der Text stammt aus der Feder von Heinz M\u00fcller und Paul Held.<\/span><\/li>\n<li><span style=\"color: #000000;\">1988 zogen erstmals die \u201eBeisdorfer Lumpen\u201c mit ihrem bunt geschm\u00fcckten Leiterwagen durch den Ort und boten den Einwohnern diverse Gegenst\u00e4nde zum Verkauf an.<\/span><\/li>\n<li><span style=\"color: #000000;\">Am 10.10.1988 wurde in einer gemeinsamen Sitzung zwischen der Stadtkapelle und der Narenzunft beschlossen, zuk\u00fcnftig die Fasnet in Binsdorf gemeinsam durchzuf\u00fchren. Bis zum heutigen Tage arbeiten beide Vereine auf dieser Basis zusammen.<\/span><\/li>\n<li><span style=\"color: #000000;\">Erstmals wurde der Binsdorfer Umzug im Jahre 1989 am Sonntag vor dem Fasnetssonntag durchgef\u00fchrt. Am Fasnetsdienstag findet seither der Kinderumzug statt.<\/span><\/li>\n<li><span style=\"color: #000000;\">In der Fasnetssaison 1990 zeigte die neu gegr\u00fcndete M\u00e4dchengarde unter der Leitung von Gabi Morgenroth und Gabi Uttenweiler den fasnetsbegeisterten Zuschauer ihr K\u00f6nnen.<\/span><\/li>\n<li><span style=\"color: #000000;\">Neben den Fasnetsveranstaltungen beteiligte sich die Narrenzunft am 1. Binsdorfer Stra\u00dfenfest.<\/span><\/li>\n<li><span style=\"color: #000000;\">Am 11.11.1990 konnte das neue Domizil der Narrenzunft, das Narrenst\u00fcble, eingeweiht werden. Seither ist dies der Sitzungsort des Ausschusses.<\/span><\/li>\n<li><span style=\"color: #000000;\">Eine gro\u00dfe Aufgabe fiel der jungen Zunft im Jahre 1994 zu. Zu ihrem 10-j\u00e4hrigen Jubil\u00e4um wurde das 16. Ringtreffen des Narrenfreundschaftsringes Zollern Alb durchgef\u00fchrt. Mit viel Engagement, Mut und Miteinander wurde dieses Fest organisiert und gefeiert und bleibt allen Beteiligten in guter Erinnerung.<\/span><\/li>\n<li><span style=\"color: #000000;\">Heute hat die Narrenzunft Binsdorf 275 Mitglieder. H\u00f6hepunkte im Vereinsjahr sind der gro\u00dfe Fasnetsumzug, der \u201eSchmotzige\u201c, der Fasnetsball und die Kinderfasnet.<\/span><\/li>\n<\/ul>\n<\/li>\n<\/ul>\n","protected":false},"excerpt":{"rendered":"<p>Fasnet in Binsdorf Von alters her herrschte in Binsdorf ein reges Fasnetstreiben. Unvergessen sind die Hausb\u00e4lle in den Binsdorfer Gastst\u00e4tten Krone, L\u00f6wen, Ochsen und Lamm. Daneben gab es schon immer die Stra\u00dfenfasnet mit den Narrenfiguren \u201eFasnetsbutz\u201c, ein Wei\u00dfnarr der mit \u201eSaubloder\u201c und Gschell ausgestattet war, sowie die \u201eBauern\u201c. Auffallend an dieser Figur ist die derbe [&hellip;]<\/p>\n","protected":false},"author":1,"featured_media":0,"parent":0,"menu_order":0,"comment_status":"closed","ping_status":"closed","template":"","meta":{"footnotes":""},"class_list":["post-195","page","type-page","status-publish","hentry"],"_links":{"self":[{"href":"http:\/\/www.narrenzunft-binsdorf.de\/index.php?rest_route=\/wp\/v2\/pages\/195","targetHints":{"allow":["GET"]}}],"collection":[{"href":"http:\/\/www.narrenzunft-binsdorf.de\/index.php?rest_route=\/wp\/v2\/pages"}],"about":[{"href":"http:\/\/www.narrenzunft-binsdorf.de\/index.php?rest_route=\/wp\/v2\/types\/page"}],"author":[{"embeddable":true,"href":"http:\/\/www.narrenzunft-binsdorf.de\/index.php?rest_route=\/wp\/v2\/users\/1"}],"replies":[{"embeddable":true,"href":"http:\/\/www.narrenzunft-binsdorf.de\/index.php?rest_route=%2Fwp%2Fv2%2Fcomments&post=195"}],"version-history":[{"count":6,"href":"http:\/\/www.narrenzunft-binsdorf.de\/index.php?rest_route=\/wp\/v2\/pages\/195\/revisions"}],"predecessor-version":[{"id":1391,"href":"http:\/\/www.narrenzunft-binsdorf.de\/index.php?rest_route=\/wp\/v2\/pages\/195\/revisions\/1391"}],"wp:attachment":[{"href":"http:\/\/www.narrenzunft-binsdorf.de\/index.php?rest_route=%2Fwp%2Fv2%2Fmedia&parent=195"}],"curies":[{"name":"wp","href":"https:\/\/api.w.org\/{rel}","templated":true}]}}