{"id":199,"date":"2018-01-17T16:32:02","date_gmt":"2018-01-17T15:32:02","guid":{"rendered":"http:\/\/neu.narrenzunft-binsdorf.de\/?page_id=199"},"modified":"2026-05-05T10:35:04","modified_gmt":"2026-05-05T08:35:04","slug":"vereinsinformationen-3","status":"publish","type":"page","link":"http:\/\/www.narrenzunft-binsdorf.de\/?page_id=199","title":{"rendered":"Downloads"},"content":{"rendered":"\n\n\t<p><strong>Satzung, Gesch\u00e4ftsordnung und Ehrenordnung der Narrenzunft Binsdorf e.V.<\/strong><\/p>\n<ul>\n<li><a href=\"http:\/\/www.narrenzunft-binsdorf.de\/wp-content\/uploads\/2026\/05\/Geschaeftsordnung-der-Narrenzunft-Binsdorf_April-26.pdf\">Aktuelle Gesch\u00e4ftsordnung<\/a><\/li>\n<li><a href=\"http:\/\/www.narrenzunft-binsdorf.de\/wp-content\/uploads\/2026\/05\/Ehrenordnung_April-26-1.pdf\">Ehrenordnung<\/a><\/li>\n<li><a href=\"http:\/\/www.narrenzunft-binsdorf.de\/wp-content\/uploads\/2026\/05\/Satzung-der-Narrenzunft-Binsdorf-eV_April-26.pdf\">Satzung der Narrenzunft Binsdorf<\/a><\/li>\n<li><a href=\"http:\/\/www.narrenzunft-binsdorf.de\/wp-content\/uploads\/2025\/10\/Beitrittserklaerung-Stand-Oktober-2025.docx\">Beitrittserkl\u00e4rung<\/a><\/li>\n<li><a href=\"http:\/\/www.narrenzunft-binsdorf.de\/wp-content\/uploads\/2026\/04\/Muttizettel_NZB.pdf\">Muttizettel<\/a><\/li>\n<li><a href=\"http:\/\/www.narrenzunft-binsdorf.de\/wp-content\/uploads\/2026\/04\/Wagenkontrolle_Umzug_Binsdorf.pdf\">Wagenkontrolle<\/a><\/li>\n<li><a href=\"http:\/\/www.narrenzunft-binsdorf.de\/wp-content\/uploads\/2026\/05\/Bestellformular_Klamotten.xlsx\">Bestellformular Klamotten<\/a><\/li>\n<\/ul>\n<p>Stand Mai 2026<\/p>\n\n","protected":false},"excerpt":{"rendered":"<p>Satzung, Gesch\u00e4ftsordnung und Ehrenordnung der Narrenzunft Binsdorf e.V. Aktuelle Gesch\u00e4ftsordnung Ehrenordnung Satzung der Narrenzunft Binsdorf Beitrittserkl\u00e4rung Muttizettel Wagenkontrolle Bestellformular Klamotten Stand Mai 2026<\/p>\n","protected":false},"author":1,"featured_media":0,"parent":0,"menu_order":0,"comment_status":"closed","ping_status":"closed","template":"","meta":{"footnotes":""},"class_list":["post-199","page","type-page","status-publish","hentry"],"_links":{"self":[{"href":"http:\/\/www.narrenzunft-binsdorf.de\/index.php?rest_route=\/wp\/v2\/pages\/199","targetHints":{"allow":["GET"]}}],"collection":[{"href":"http:\/\/www.narrenzunft-binsdorf.de\/index.php?rest_route=\/wp\/v2\/pages"}],"about":[{"href":"http:\/\/www.narrenzunft-binsdorf.de\/index.php?rest_route=\/wp\/v2\/types\/page"}],"author":[{"embeddable":true,"href":"http:\/\/www.narrenzunft-binsdorf.de\/index.php?rest_route=\/wp\/v2\/users\/1"}],"replies":[{"embeddable":true,"href":"http:\/\/www.narrenzunft-binsdorf.de\/index.php?rest_route=%2Fwp%2Fv2%2Fcomments&post=199"}],"version-history":[{"count":34,"href":"http:\/\/www.narrenzunft-binsdorf.de\/index.php?rest_route=\/wp\/v2\/pages\/199\/revisions"}],"predecessor-version":[{"id":1616,"href":"http:\/\/www.narrenzunft-binsdorf.de\/index.php?rest_route=\/wp\/v2\/pages\/199\/revisions\/1616"}],"wp:attachment":[{"href":"http:\/\/www.narrenzunft-binsdorf.de\/index.php?rest_route=%2Fwp%2Fv2%2Fmedia&parent=199"}],"curies":[{"name":"wp","href":"https:\/\/api.w.org\/{rel}","templated":true}]}}