{"id":546,"date":"2018-05-24T14:47:45","date_gmt":"2018-05-24T12:47:45","guid":{"rendered":"http:\/\/www.narrenzunft-binsdorf.de\/?page_id=546"},"modified":"2024-11-01T15:05:43","modified_gmt":"2024-11-01T14:05:43","slug":"datenschutz","status":"publish","type":"page","link":"http:\/\/www.narrenzunft-binsdorf.de\/?page_id=546","title":{"rendered":"Datenschutz"},"content":{"rendered":"<h3 style=\"text-align: center;\"><span style=\"color: #000000;\"><strong>Datenschutzerkl\u00e4rung<\/strong><\/span><\/h3>\n<p><span style=\"color: #000000;\">Mit der Nutzung unserer Webseite erkl\u00e4ren Sie sich mit unseren Datenschutzbestimmungen einverstanden, die unter anderem das Speichern von Cookies betreffen<\/span><\/p>\n<p><span style=\"color: #000000;\">Unser Umgang mit Ihren Daten und Ihre Rechte Informationen nach Artikeln 13, 14 und 21 Datenschutz-Grundverordnung &#8211; DS-GVO<\/span><\/p>\n<p><span style=\"color: #000000;\">Hiermit informieren wir Sie \u00fcber die Verarbeitung Ihrer personenbezogenen Vereinsdate durch die Narrenzunft Binsdorf 1984 e.V. (NZB) und die Ihnen nach den Datenschutzrichtlinien Regelungen zustehenden Anspr\u00fcche und Rechte.<\/span><\/p>\n<ol>\n<li><span style=\"color: #000000;\"><strong> Wer ist f\u00fcr die Datenverarbeitung verantwortlich und an wen k\u00f6nnen Sie sich wenden? <\/strong><\/span><\/li>\n<\/ol>\n<p><span style=\"color: #000000;\">Verantwortliche Stelle ist: siehe Impressum<\/span><\/p>\n<ol start=\"2\">\n<li><span style=\"color: #000000;\"><strong> Welche Quellen und Daten nutzen wir?<\/strong><\/span><\/li>\n<\/ol>\n<p><span style=\"color: #000000;\">Wir verarbeiten personenbezogene Daten, die wir im Rahmen unserer Gesch\u00e4ftsbeziehung Ihrer Mitgliedschaft (laut NZB-Satzung) von Ihnen erhalten. Relevante personenbezogene Daten sind Personalien (Name, Adresse und andere Kontaktdaten). Dar\u00fcber hinaus k\u00f6nnen dies auch Auftragsdaten (z.B. Zahlungsauftrag), Daten aus der Erf\u00fcllung unserer vertraglichen Verpflichtungen, Produktdaten, Dokumentationsdaten, Registerdaten sowie andere mit den genannten Kategorien vergleichbare Daten sein.<strong>\u00a0<\/strong><\/span><\/p>\n<ol start=\"3\">\n<li><span style=\"color: #000000;\"><strong> Wof\u00fcr verarbeiten wir Ihre Daten (Zweck der Verarbeitung) und auf welcher Rechtsgrundlage? <\/strong><\/span><\/li>\n<\/ol>\n<p><span style=\"color: #000000;\">Wir verarbeiten personenbezogene Daten im Einklang mit den Bestimmungen der Europ\u00e4ischen Datenschutz-Grundverordnung (DS-GVO) und dem Bundesdatenschutzgesetz (BDSG):<\/span><br \/>\n<span style=\"color: #000000;\">3.1 Zur Erf\u00fcllung von vertraglichen Pflichten (Art. 6 Abs. 1 Buchst. b DS-GVO) Die Verarbeitung personenbezogener Daten (Art. 4 Nr. 2 DS-GVO) erfolgt zur Erbringung und Vermittlung von Vereinsdienstleistungen sowie Versicherungsgesch\u00e4ften, insbesondere zur Durchf\u00fchrung von Ma\u00dfnahmen mit Ihnen und der Ausf\u00fchrung Ihrer Auftr\u00e4ge sowie aller mit dem Betrieb und der Verwaltung eines Vereins erforderlichen T\u00e4tigkeiten.<\/span><br \/>\n<span style=\"color: #000000;\">3.2 Im Rahmen der Interessenabw\u00e4gung (Art. 6 Abs. 1 Buchst. f DS-GVO) Soweit erforderlich, verarbeiten wir Ihre Daten \u00fcber die eigentliche Erf\u00fcllung des Vertrages hinaus zur Wahrung berechtigter Interessen von uns oder Dritten: z.B. Geltendmachung Ihrer rechtlichen Anspr\u00fcche und Verteidigung bei rechtlichen Streitigkeiten.<\/span><br \/>\n<span style=\"color: #000000;\">3.3 Aufgrund Ihrer Einwilligung (Art. 6 Abs. 1 Buchst. a DS\u00b7GVO) Soweit Sie uns eine Einwilligung zur Verarbeitung von personenbezogenen Daten f\u00fcr bestimmte Zwecke (z.B. Versand Vereinszeitschrift, Vereinsinformationsbl\u00e4tter \/ Flyer) erteilt haben, ist die Rechtm\u00e4\u00dfigkeit dieser Verarbeitung auf Basis Ihrer Einwilligung gegeben. Eine erteilte Einwilligung kann jederzeit widerrufen werden. Dies gilt auch f\u00fcr den Widerruf von Einwilligungserkl\u00e4rungen, die vor der Geltung der DS-GVO, also vor dem 25. Mai 2018, uns gegen\u00fcber erteilt worden sind. Bitte beachten Sie, dass der Widerruf erst f\u00fcr die Zukunft wirkt. Verarbeitungen, die vor dem Widerruf erfolgt sind, sind davon nicht betroffen.<\/span><br \/>\n<span style=\"color: #000000;\">3.4 Aufgrund gesetzlicher Vorgaben (Art. 6 Abs. 1 Buchst. c DS-GVO) Zudem unterliegen wir als Verein diversen rechtlichen Verpflichtungen, das hei\u00dft gesetzlichen Anforderungen (z.B. Steuergesetze). Zu den Zwecken der Verarbeitung geh\u00f6ren unter anderem die Erf\u00fcllung steuerrechtlicher Kontroll- und Meldepflichten.<\/span><\/p>\n<ol start=\"4\">\n<li><span style=\"color: #000000;\"><strong> Wer bekommt Ihre Vereinsdaten?<br \/>\n<\/strong>Innerhalb der NZB erhalten diejenigen Stellen Ihre Daten, die diese zur Erf\u00fcllung unserer vertraglichen und gesetzlichen Pflichten brauchen. Auch von uns eingesetzte Auftragsverarbeiter (Art. 28 DS-GVO) k\u00f6nnen zu diesen genannten Zwecken Daten erhalten. Dies sind z.B. Unternehmen in den Kategorien IT-Dienstleistungen, Logistik, Druckdienstleistungen, sowie Vertrieb.<\/span><\/li>\n<\/ol>\n<ol start=\"5\">\n<li><span style=\"color: #000000;\"><strong> Wie lange werden Ihre Daten gespeichert?<\/strong><\/span><\/li>\n<\/ol>\n<p><span style=\"color: #000000;\">Soweit erforderlich, verarbeiten und speichern wir Ihre personenbezogenen Daten f\u00fcr die Dauer unserer Gesch\u00e4ftsbeziehung. Dar\u00fcber hinaus unterliegen wir verschiedenen Aufbewahrungsund Dokumentationspflichten, die sich unter anderem aus dem Handelsgesetzbuch (HGB) und der Abgabenordnung (AO) ergeben. Die dort vorgegebenen Fristen zur Aufbewahrung bzw. Dokumentation betragen zwei bis zehn Jahre. Schlie\u00dflich beurteilt sich die Speicherdauer auch nach den gesetzlichen Verj\u00e4hrungsfristen, die z.B. nach den \u00a7\u00a7 195 ff. des B\u00fcrgerlichen Gesetzbuches (BGB) in der Regel 3 Jahre, in gewissen F\u00e4llen aber auch bis zu drei\u00dfig Jahre betragen k\u00f6nnen.<\/span><\/p>\n<ol start=\"6\">\n<li><span style=\"color: #000000;\"><strong> Welche Datenschutzrechte haben Sie?<\/strong><\/span><\/li>\n<\/ol>\n<p><span style=\"color: #000000;\">Jede betroffene Person hat das Recht auf Auskunft nach Art. 15 DS-GVO, das Recht auf Berichtigung nach Art. 16 DS-GVO, das Recht auf L\u00f6schung nach Art. 17 DS-GVO, das Recht auf Einschr\u00e4nkung der Verarbeitung nach Art. 18 D5-GVO sowie das Recht auf Daten\u00fcbertragbarkeit aus Art. 20 DS-GVO. Beim Auskunftsrecht und beim L\u00f6schungsrecht gelten die Einschr\u00e4nkungen nach \u00a7\u00a7 34 und 35 BDSG. Dar\u00fcber hinaus besteht ein Beschwerderecht bei einer Datenschutzaufsichtsbeh\u00f6rde (Art. 77 DS-GVO i. V. m. \u00a7 19 BDSG). F\u00fcr die Narrenzunft Binsdorf 1984 e.V. zust\u00e4ndige Aufsichtsbeh\u00f6rde ist der Landesbeauftragte f\u00fcr den Datenschutz und die Informationsfreiheit Baden-W\u00fcrttemberg, Dr. Stefan Brink, K\u00f6nigstra\u00dfe 10a, 70173 Stuttgart, Telefon: 07 11\/61 55 41-0, poststelle@lfdi.bwl.de, www.baden-wuerttemberg.datenschutz.de<strong>\u00a0<\/strong><\/span><\/p>\n<ol start=\"7\">\n<li><span style=\"color: #000000;\"><strong> Verwendung von Cookies Beschreibung und Umfang der Datenverarbeitung<\/strong><\/span><\/li>\n<\/ol>\n<p><span style=\"color: #000000;\">Unsere Webseite verwendet Cookies. Bei Cookies handelt es sich um Textdateien, die im Internetbrowser bzw. vom Internetbrowser auf dem Computersystem des Nutzers gespeichert werden. Ruft ein Nutzer eine Website auf, so kann ein Cookie auf dem Betriebssystem des Nutzers gespeichert werden. Dieser Cookie enth\u00e4lt eine charakteristische Zeichenfolge, die eine eindeutige Identifizierung des Browsers beim erneuten Aufrufen der Website erm\u00f6glicht.<\/span><\/p>\n<p><span style=\"color: #000000;\">Wir setzen Cookies ein, um unsere Website Nutzer freundlicher zu gestalten. Einige Elemente unserer Internetseite erfordern es, dass der aufrufende Browser auch nach einem Seitenwechsel identifiziert werden kann.<\/span><\/p>\n<p><span style=\"color: #000000;\">Stand 24.05.2018<\/span><\/p>\n","protected":false},"excerpt":{"rendered":"<p>Datenschutzerkl\u00e4rung Mit der Nutzung unserer Webseite erkl\u00e4ren Sie sich mit unseren Datenschutzbestimmungen einverstanden, die unter anderem das Speichern von Cookies betreffen Unser Umgang mit Ihren Daten und Ihre Rechte Informationen nach Artikeln 13, 14 und 21 Datenschutz-Grundverordnung &#8211; DS-GVO Hiermit informieren wir Sie \u00fcber die Verarbeitung Ihrer personenbezogenen Vereinsdate durch die Narrenzunft Binsdorf 1984 e.V. [&hellip;]<\/p>\n","protected":false},"author":1,"featured_media":0,"parent":0,"menu_order":0,"comment_status":"closed","ping_status":"closed","template":"","meta":{"footnotes":""},"class_list":["post-546","page","type-page","status-publish","hentry"],"_links":{"self":[{"href":"http:\/\/www.narrenzunft-binsdorf.de\/index.php?rest_route=\/wp\/v2\/pages\/546","targetHints":{"allow":["GET"]}}],"collection":[{"href":"http:\/\/www.narrenzunft-binsdorf.de\/index.php?rest_route=\/wp\/v2\/pages"}],"about":[{"href":"http:\/\/www.narrenzunft-binsdorf.de\/index.php?rest_route=\/wp\/v2\/types\/page"}],"author":[{"embeddable":true,"href":"http:\/\/www.narrenzunft-binsdorf.de\/index.php?rest_route=\/wp\/v2\/users\/1"}],"replies":[{"embeddable":true,"href":"http:\/\/www.narrenzunft-binsdorf.de\/index.php?rest_route=%2Fwp%2Fv2%2Fcomments&post=546"}],"version-history":[{"count":6,"href":"http:\/\/www.narrenzunft-binsdorf.de\/index.php?rest_route=\/wp\/v2\/pages\/546\/revisions"}],"predecessor-version":[{"id":1425,"href":"http:\/\/www.narrenzunft-binsdorf.de\/index.php?rest_route=\/wp\/v2\/pages\/546\/revisions\/1425"}],"wp:attachment":[{"href":"http:\/\/www.narrenzunft-binsdorf.de\/index.php?rest_route=%2Fwp%2Fv2%2Fmedia&parent=546"}],"curies":[{"name":"wp","href":"https:\/\/api.w.org\/{rel}","templated":true}]}}